{"id":3701,"date":"2025-09-05T13:21:26","date_gmt":"2025-09-05T11:21:26","guid":{"rendered":"https:\/\/styreg.com\/cookiepolitik-eu\/"},"modified":"2025-09-05T13:22:11","modified_gmt":"2025-09-05T11:22:11","slug":"cookiepolitik-eu","status":"publish","type":"page","link":"https:\/\/styreg.com\/sv\/cookiepolitik-eu\/","title":{"rendered":"Policy f\u00f6r kakor (EU)"},"content":{"rendered":"<!-- Legal document generated by Complianz | GDPR\/CCPA Cookie Consent https:\/\/wordpress.org\/plugins\/complianz-gdpr -->\n<div id=\"cmplz-document\" class=\"cmplz-document cookie-statement cmplz-document-eu\"><p><i>Denna cookiepolicy uppdaterades senast den 25. mars 2026 och g\u00e4ller f\u00f6r medborgare och lagliga permanentboende i Europeiska ekonomiska samarbetsomr\u00e5det och Schweiz.<\/i><br><\/p><h2>1. Inledning<\/h2><p>V\u00e5r webbplats, <a href=\"https:\/\/styreg.com\/sv\">https:\/\/styreg.com\/sv<\/a> (nedan kallad \u201dWebbplatsen\u201d) anv\u00e4nder cookies och annan relaterad teknik (f\u00f6r enkelhets skull kallas all teknik f\u00f6r \u201dcookies\u201d). Cookies placeras ocks\u00e5 av tredje parter som vi har anlitat. I dokumentet nedan informerar vi dig om anv\u00e4ndningen av cookies p\u00e5 v\u00e5r webbplats.<\/p><h2>2. Vad \u00e4r cookies?<\/h2><p>En cookie \u00e4r en liten, enkel fil som skickas med sidor p\u00e5 denna webbplats och lagras av din webbl\u00e4sare p\u00e5 h\u00e5rddisken i din dator eller annan enhet. Informationen som lagras i den kan \u00e5terf\u00f6ras till v\u00e5ra servrar eller till servrar hos relevanta tredje parter vid ett senare bes\u00f6k.<\/p><h2>3. Vad \u00e4r skript?<\/h2><p>Ett skript \u00e4r en del av en programkod som anv\u00e4nds f\u00f6r att v\u00e5r webbplats ska fungera korrekt och interaktivt. Denna kod k\u00f6rs p\u00e5 v\u00e5r server eller p\u00e5 din enhet.<\/p><h2>4. Vad \u00e4r en webb-beacon?<\/h2><p>En web beacon (eller pixeltagg) \u00e4r en liten, osynlig text eller bild p\u00e5 en webbplats som anv\u00e4nds f\u00f6r att \u00f6vervaka trafiken p\u00e5 en webbplats. F\u00f6r att g\u00f6ra detta lagras olika uppgifter om dig med hj\u00e4lp av web beacons.<\/p><h2>5 Cookies<\/h2><p class=\"cmplz-subtitle\">5.1 Tekniska eller funktionella cookies<\/p><p>Vissa cookies s\u00e4kerst\u00e4ller att vissa delar av webbplatsen fungerar korrekt och att dina anv\u00e4ndarpreferenser f\u00f6rblir k\u00e4nda. Genom att placera funktionella cookies g\u00f6r vi det enklare f\u00f6r dig att bes\u00f6ka och navigera p\u00e5 v\u00e5r webbplats. P\u00e5 s\u00e5 s\u00e4tt beh\u00f6ver du inte upprepade g\u00e5nger ange samma information n\u00e4r du bes\u00f6ker v\u00e5r webbplats och till exempel ligger varor kvar i din varukorg tills du har betalat. Vi kan placera dessa cookies utan ditt samtycke.<\/p><p class=\"cmplz-subtitle\">5.2 Cookies f\u00f6r statistik<\/p><p>Vi anv\u00e4nder cookies f\u00f6r statistik f\u00f6r att optimera webbplatsupplevelsen f\u00f6r v\u00e5ra anv\u00e4ndare. Med hj\u00e4lp av dessa cookies f\u00e5r vi insikter om hur v\u00e5r webbplats anv\u00e4nds. Vi ber om din till\u00e5telse att placera cookies f\u00f6r statistik.<\/p><p class=\"cmplz-subtitle\">5.3 Cookies f\u00f6r marknadsf\u00f6ring\/sp\u00e5rning<\/p><p>Marknadsf\u00f6rings-\/sp\u00e5rningscookies \u00e4r cookies eller n\u00e5gon annan form av lokal lagring som anv\u00e4nds f\u00f6r att skapa anv\u00e4ndarprofiler f\u00f6r att visa reklam eller f\u00f6r att sp\u00e5ra anv\u00e4ndaren p\u00e5 denna webbplats eller p\u00e5 flera webbplatser f\u00f6r liknande marknadsf\u00f6rings\u00e4ndam\u00e5l.<\/p><h2>6. Placerade cookies<\/h2><div id=\"cmplz-cookies-overview\"><details class=\"cmplz-dropdown cmplz-service-desc cmplz-dropdown-cookiepolicy\">\n\t<summary class=\"cmplz-service-header\"><div>\n\t\t<h3>Burst Statistics<\/h3>\n\t\t<p>Statistics (anonymous)<\/p>\n\t\t<label for=\"cmplz_service_burst-statistics\" class=\"cmplz_consent_per_service_label\"><span class=\"screen-reader-text\">Samtycke till statistik \u00f6ver tj\u00e4nsteutnyttjande<\/span><\/label>\n\t\t<input type=\"checkbox\" id=\"cmplz_service_burst-statistics\" class=\"cmplz-accept-service\" data-service=\"burst-statistics\" data-category=\"statistics\"><\/div>\n\t<\/summary>\n\t<div class=\"cmplz-service-description\">\n\t\t<h4>Anv\u00e4ndning<\/h4>\n\t\t<p>Vi anv\u00e4nder Burst Statistics f\u00f6r webstedsstatistikker. <a target=\"_blank\" rel=\"noopener noreferrer nofollow\" href=\"https:\/\/cookiedatabase.org\/service\/burst-statistics\/\">Read more about Burst Statistics<\/a><\/p>\n\t<\/div>\n\t<div class=\"cmplz-sharing-data\">\n\t\t<h4>Delar data<\/h4>\n\t\t<p>Dessa uppgifter delas inte med tredje part.<\/p>\n\t<\/div>\n\t<div class=\"cookies-per-purpose\">\n    <div class=\"purpose\"><h4>Statistics (anonymous)<\/h4><\/div>\n    <div class=\"name-header\">\n\t<h5>Namn<\/h5>\n<\/div>\n<div class=\"name\"><a target=\"_blank\" rel=\"noopener noreferrer nofollow\" href=\"https:\/\/cookiedatabase.org\/cookie\/burst-statistics\/burst_uid\/\">burst_uid<\/a><\/div>\n<div class=\"retention-header\">\n\t<h5>L\u00f6per ut<\/h5>\n<\/div>\n<div class=\"retention\">1 month<\/div>\n<div class=\"function-header\">\n\t<h5>Funktion<\/h5>\n<\/div>\n<div class=\"function\">Store and track interaction<\/div>\n\n<\/div>\n<\/details>\n<details class=\"cmplz-dropdown cmplz-service-desc cmplz-dropdown-cookiepolicy\">\n\t<summary class=\"cmplz-service-header\"><div>\n\t\t<h3>Complianz<\/h3>\n\t\t<p>Funktionell<\/p>\n\t\t<label for=\"cmplz_service_complianz\" class=\"cmplz_consent_per_service_label\"><span class=\"screen-reader-text\">Samtycke till service\u00f6verensst\u00e4mmelse<\/span><\/label>\n\t\t<input type=\"checkbox\" id=\"cmplz_service_complianz\" class=\"cmplz-accept-service\" data-service=\"complianz\" data-category=\"functional\"><\/div>\n\t<\/summary>\n\t<div class=\"cmplz-service-description\">\n\t\t<h4>Anv\u00e4ndning<\/h4>\n\t\t<p>Vi anv\u00e4nder Complianz f\u00f6r administration af cookie-samtykke. <a target=\"_blank\" rel=\"noopener noreferrer nofollow\" href=\"https:\/\/cookiedatabase.org\/service\/complianz\/\">Read more about Complianz<\/a><\/p>\n\t<\/div>\n\t<div class=\"cmplz-sharing-data\">\n\t\t<h4>Delar data<\/h4>\n\t\t<p>Dessa uppgifter delas inte med tredje part.&nbsp;F\u00f6r mer information, l\u00e4s <a target=\"_blank\" rel=\"noopener noreferrer\" href=\"https:\/\/complianz.io\/legal\/privacy-statement\/\">Complianz integritetsmeddelande<\/a>.<\/p>\n\t<\/div>\n\t<div class=\"cookies-per-purpose\">\n    <div class=\"purpose\"><h4>Funktionell<\/h4><\/div>\n    <div class=\"name-header\">\n\t<h5>Namn<\/h5>\n<\/div>\n<div class=\"name\"><a target=\"_blank\" rel=\"noopener noreferrer nofollow\" href=\"https:\/\/cookiedatabase.org\/cookie\/complianz\/cmplz_functional\/\">cmplz_funktionell<\/a><\/div>\n<div class=\"retention-header\">\n\t<h5>L\u00f6per ut<\/h5>\n<\/div>\n<div class=\"retention\">365 dagar<\/div>\n<div class=\"function-header\">\n\t<h5>Funktion<\/h5>\n<\/div>\n<div class=\"function\">Store cookie consent preferences<\/div>\n<div class=\"name-header\">\n\t<h5>Namn<\/h5>\n<\/div>\n<div class=\"name\"><a target=\"_blank\" rel=\"noopener noreferrer nofollow\" href=\"https:\/\/cookiedatabase.org\/cookie\/complianz\/cmplz_statistics\/\">cmplz_statistik<\/a><\/div>\n<div class=\"retention-header\">\n\t<h5>L\u00f6per ut<\/h5>\n<\/div>\n<div class=\"retention\">365 dagar<\/div>\n<div class=\"function-header\">\n\t<h5>Funktion<\/h5>\n<\/div>\n<div class=\"function\">Store cookie consent preferences<\/div>\n<div class=\"name-header\">\n\t<h5>Namn<\/h5>\n<\/div>\n<div class=\"name\"><a target=\"_blank\" rel=\"noopener noreferrer nofollow\" href=\"https:\/\/cookiedatabase.org\/cookie\/complianz\/cmplz_preferences\/\">cmplz_inst\u00e4llningar<\/a><\/div>\n<div class=\"retention-header\">\n\t<h5>L\u00f6per ut<\/h5>\n<\/div>\n<div class=\"retention\">365 dagar<\/div>\n<div class=\"function-header\">\n\t<h5>Funktion<\/h5>\n<\/div>\n<div class=\"function\">Store cookie consent preferences<\/div>\n<div class=\"name-header\">\n\t<h5>Namn<\/h5>\n<\/div>\n<div class=\"name\"><a target=\"_blank\" rel=\"noopener noreferrer nofollow\" href=\"https:\/\/cookiedatabase.org\/cookie\/complianz\/cmplz_marketing\/\">cmplz_marknadsf\u00f6ring<\/a><\/div>\n<div class=\"retention-header\">\n\t<h5>L\u00f6per ut<\/h5>\n<\/div>\n<div class=\"retention\">365 dagar<\/div>\n<div class=\"function-header\">\n\t<h5>Funktion<\/h5>\n<\/div>\n<div class=\"function\">Store cookie consent preferences<\/div>\n<div class=\"name-header\">\n\t<h5>Namn<\/h5>\n<\/div>\n<div class=\"name\"><a target=\"_blank\" rel=\"noopener noreferrer nofollow\" href=\"https:\/\/cookiedatabase.org\/cookie\/complianz\/cmplz_consented_services\/\">cmplz_medgivna_tj\u00e4nster<\/a><\/div>\n<div class=\"retention-header\">\n\t<h5>L\u00f6per ut<\/h5>\n<\/div>\n<div class=\"retention\">365 dagar<\/div>\n<div class=\"function-header\">\n\t<h5>Funktion<\/h5>\n<\/div>\n<div class=\"function\">Store cookie consent preferences<\/div>\n<div class=\"name-header\">\n\t<h5>Namn<\/h5>\n<\/div>\n<div class=\"name\"><a target=\"_blank\" rel=\"noopener noreferrer nofollow\" href=\"https:\/\/cookiedatabase.org\/cookie\/complianz\/cmplz_policy_id\/\">cmplz_policy_id<\/a><\/div>\n<div class=\"retention-header\">\n\t<h5>L\u00f6per ut<\/h5>\n<\/div>\n<div class=\"retention\">365 dagar<\/div>\n<div class=\"function-header\">\n\t<h5>Funktion<\/h5>\n<\/div>\n<div class=\"function\">Store accepted cookie policy ID<\/div>\n<div class=\"name-header\">\n\t<h5>Namn<\/h5>\n<\/div>\n<div class=\"name\"><a target=\"_blank\" rel=\"noopener noreferrer nofollow\" href=\"https:\/\/cookiedatabase.org\/cookie\/complianz\/cmplz_banner-status\/\">cmplz_banner-status<\/a><\/div>\n<div class=\"retention-header\">\n\t<h5>L\u00f6per ut<\/h5>\n<\/div>\n<div class=\"retention\">365 dagar<\/div>\n<div class=\"function-header\">\n\t<h5>Funktion<\/h5>\n<\/div>\n<div class=\"function\">Store if the cookie banner has been dismissed<\/div>\n\n<\/div><div class=\"cookies-per-purpose\">\n    <div class=\"purpose\"><h4>Syfte under utredning<\/h4><\/div>\n    <div class=\"name-header\">\n\t<h5>Namn<\/h5>\n<\/div>\n<div class=\"name\">cmplz_cookie_data<\/div>\n<div class=\"retention-header\">\n\t<h5>L\u00f6per ut<\/h5>\n<\/div>\n<div class=\"retention\">365 dagar<\/div>\n<div class=\"function-header\">\n\t<h5>Funktion<\/h5>\n<\/div>\n<div class=\"function\"><\/div>\n\n<\/div>\n<\/details>\n<details class=\"cmplz-dropdown cmplz-service-desc cmplz-dropdown-cookiepolicy\">\n\t<summary class=\"cmplz-service-header\"><div>\n\t\t<h3>Tilltr\u00e4de via skylt<\/h3>\n\t\t<p>Funktionell<\/p>\n\t\t<label for=\"cmplz_service_adgang-med-tegn\" class=\"cmplz_consent_per_service_label\"><span class=\"screen-reader-text\">Samtycke till tillg\u00e5ng till tj\u00e4nster med underskrift<\/span><\/label>\n\t\t<input type=\"checkbox\" id=\"cmplz_service_adgang-med-tegn\" class=\"cmplz-accept-service\" data-service=\"adgang-med-tegn\" data-category=\"functional\"><\/div>\n\t<\/summary>\n\t<div class=\"cmplz-service-description\">\n\t\t<h4>Anv\u00e4ndning<\/h4>\n\t\t<p>Vi anv\u00e4nder Adgang med tegn f\u00f6r indholdsstyring.<\/p>\n\t<\/div>\n\t<div class=\"cmplz-sharing-data\">\n\t\t<h4>Delar data<\/h4>\n\t\t<p>Dessa uppgifter delas inte med tredje part.<\/p>\n\t<\/div>\n\t<div class=\"cookies-per-purpose\">\n    <div class=\"purpose\"><h4>Funktionell<\/h4><\/div>\n    <div class=\"name-header\">\n\t<h5>Namn<\/h5>\n<\/div>\n<div class=\"name\">ID_FOR_SELECTION<\/div>\n<div class=\"retention-header\">\n\t<h5>L\u00f6per ut<\/h5>\n<\/div>\n<div class=\"retention\">Permanent<\/div>\n<div class=\"function-header\">\n\t<h5>Funktion<\/h5>\n<\/div>\n<div class=\"function\">Kommer ih\u00e5g anv\u00e4ndarens val i tillg\u00e4nglighetsfunktioner<\/div>\n<div class=\"name-header\">\n\t<h5>Namn<\/h5>\n<\/div>\n<div class=\"name\">PositionHV<\/div>\n<div class=\"retention-header\">\n\t<h5>L\u00f6per ut<\/h5>\n<\/div>\n<div class=\"retention\">Permanent<\/div>\n<div class=\"function-header\">\n\t<h5>Funktion<\/h5>\n<\/div>\n<div class=\"function\">Sparar fokusposition f\u00f6r f\u00f6rb\u00e4ttrad navigering<\/div>\n<div class=\"name-header\">\n\t<h5>Namn<\/h5>\n<\/div>\n<div class=\"name\">SignIsActive<\/div>\n<div class=\"retention-header\">\n\t<h5>L\u00f6per ut<\/h5>\n<\/div>\n<div class=\"retention\">Permanent<\/div>\n<div class=\"function-header\">\n\t<h5>Funktion<\/h5>\n<\/div>\n<div class=\"function\">Anger om en tillg\u00e4nglighetsfunktion \u00e4r aktiv<\/div>\n<div class=\"name-header\">\n\t<h5>Namn<\/h5>\n<\/div>\n<div class=\"name\">COLOR<\/div>\n<div class=\"retention-header\">\n\t<h5>L\u00f6per ut<\/h5>\n<\/div>\n<div class=\"retention\">Permanent<\/div>\n<div class=\"function-header\">\n\t<h5>Funktion<\/h5>\n<\/div>\n<div class=\"function\">Sparar f\u00e4rgval\/kontrastinst\u00e4llningar f\u00f6r tillg\u00e4nglighet<\/div>\n\n<\/div>\n<\/details>\n<details class=\"cmplz-dropdown cmplz-service-desc cmplz-dropdown-cookiepolicy\">\n\t<summary class=\"cmplz-service-header\"><div>\n\t\t<h3>\u00d6vrigt<\/h3>\n\t\t<p>Syfte under utredning<\/p>\n\t\t<label for=\"cmplz_service_\u00d6vrigt\" class=\"cmplz_consent_per_service_label\"><span class=\"screen-reader-text\">Consent to service \u00d6vrigt<\/span><\/label>\n\t\t<input type=\"checkbox\" id=\"cmplz_service_\u00d6vrigt\" class=\"cmplz-accept-service cmplz-hidden\" data-service=\"\u00d6vrigt\" data-category=\"functional\"><\/div>\n\t<\/summary>\n\t<div class=\"cmplz-service-description\">\n\t\t<h4>Anv\u00e4ndning<\/h4>\n\t\t<p><\/p>\n\t<\/div>\n\t<div class=\"cmplz-sharing-data\">\n\t\t<h4>Delar data<\/h4>\n\t\t<p>Delning av data v\u00e4ntar p\u00e5 utredning<\/p>\n\t<\/div>\n\t<div class=\"cookies-per-purpose\">\n    <div class=\"purpose\"><h4>Syfte under utredning<\/h4><\/div>\n    <div class=\"name-header\">\n\t<h5>Namn<\/h5>\n<\/div>\n<div class=\"name\">burst-ab-test-storage<\/div>\n<div class=\"retention-header\">\n\t<h5>L\u00f6per ut<\/h5>\n<\/div>\n<div class=\"retention\"><\/div>\n<div class=\"function-header\">\n\t<h5>Funktion<\/h5>\n<\/div>\n<div class=\"function\"><\/div>\n<div class=\"name-header\">\n\t<h5>Namn<\/h5>\n<\/div>\n<div class=\"name\">adobeCleanFontAdded<\/div>\n<div class=\"retention-header\">\n\t<h5>L\u00f6per ut<\/h5>\n<\/div>\n<div class=\"retention\"><\/div>\n<div class=\"function-header\">\n\t<h5>Funktion<\/h5>\n<\/div>\n<div class=\"function\"><\/div>\n\n<\/div>\n<\/details>\n<\/div><h2>7. Samtycke<\/h2><p>N\u00e4r du bes\u00f6ker v\u00e5r webbplats f\u00f6r f\u00f6rsta g\u00e5ngen kommer vi att visa ett popup-f\u00f6nster med en f\u00f6rklaring om cookies. S\u00e5 snart du klickar p\u00e5 \"Spara inst\u00e4llningar\" samtycker du till att vi anv\u00e4nder de kategorier av cookies och till\u00e4gg som du valde i popup-f\u00f6nstret, enligt beskrivningen i denna cookiepolicy. Du kan inaktivera anv\u00e4ndningen av cookies via din webbl\u00e4sare, men observera att v\u00e5r webbplats kanske inte l\u00e4ngre fungerar korrekt.<\/p><p class=\"cmplz-subtitle\">7.1 Hantera dina inst\u00e4llningar f\u00f6r samtycke<\/p><div id=\"cmplz-manage-consent-container-nojavascript\">Du har laddat cookiepolicyn utan javascript-st\u00f6d.&nbsp;P\u00e5 AMP kan du anv\u00e4nda knappen Hantera samtycke l\u00e4ngst ner p\u00e5 sidan.<\/div><div id=\"cmplz-manage-consent-container\" class=\"cmplz-manage-consent-container\"><\/div><h2>8. Aktivera\/avaktivera och radera cookies<\/h2><p>Du kan anv\u00e4nda din webbl\u00e4sare f\u00f6r att automatiskt eller manuellt radera cookies. Du kan ocks\u00e5 ange att vissa cookies inte ska placeras. Ett annat alternativ \u00e4r att \u00e4ndra inst\u00e4llningarna i din webbl\u00e4sare s\u00e5 att du f\u00e5r ett meddelande varje g\u00e5ng en cookie placeras. F\u00f6r mer information om dessa alternativ, se instruktionerna i hj\u00e4lpavsnittet i din webbl\u00e4sare.<\/p><p>Observera att v\u00e5r webbplats kanske inte fungerar korrekt om alla cookies \u00e4r inaktiverade. Om du raderar cookies i din webbl\u00e4sare kommer de att placeras ut igen efter ditt samtycke n\u00e4r du bes\u00f6ker v\u00e5r webbplats igen.<\/p><h2>9. Dina r\u00e4ttigheter med avseende p\u00e5 personuppgifter<\/h2><p>Du har f\u00f6ljande r\u00e4ttigheter n\u00e4r det g\u00e4ller dina personuppgifter:<\/p><ul>\n                    <li>Du har r\u00e4tt att f\u00e5 veta varf\u00f6r dina personuppgifter beh\u00f6vs, vad som kommer att h\u00e4nda med dem och hur l\u00e4nge de kommer att lagras.<\/li>\n                    <li>R\u00e4tt till tillg\u00e5ng: Du har r\u00e4tt att f\u00e5 tillg\u00e5ng till de personuppgifter som vi k\u00e4nner till om dig.<\/li>\n                    <li>R\u00e4tt till r\u00e4ttelse: du har r\u00e4tt att komplettera, r\u00e4tta, radera eller blockera dina personuppgifter n\u00e4r du vill.<\/li>\n                    <li>Om du ger oss ditt samtycke till att behandla dina uppgifter har du r\u00e4tt att \u00e5terkalla detta samtycke och att f\u00e5 dina personuppgifter raderade.<\/li>\n                    <li>R\u00e4tt till \u00f6verf\u00f6ring: Du har r\u00e4tt att beg\u00e4ra ut alla dina personuppgifter fr\u00e5n den personuppgiftsansvarige och \u00f6verf\u00f6ra dem i sin helhet till en annan personuppgiftsansvarig.<\/li>\n                    <li>R\u00e4tt till inv\u00e4ndning: Du kan inv\u00e4nda mot behandlingen av dina uppgifter. Vi kommer att f\u00f6lja detta, s\u00e5vida det inte finns legitima sk\u00e4l f\u00f6r behandlingen.<\/li>\n                <\/ul><p>F\u00f6r att ut\u00f6va dessa r\u00e4ttigheter, v\u00e4nligen kontakta oss. Se kontaktuppgifterna l\u00e4ngst ned i denna cookiepolicy. Om du har klagom\u00e5l p\u00e5 hur vi hanterar dina uppgifter vill vi g\u00e4rna h\u00f6ra fr\u00e5n dig, men du har ocks\u00e5 r\u00e4tt att l\u00e4mna in ett klagom\u00e5l till dataskyddsmyndigheten.<\/p><h2>10. Kontaktuppgifter<\/h2><p>F\u00f6r fr\u00e5gor och\/eller kommentarer om v\u00e5r cookiepolicy och detta uttalande, v\u00e4nligen kontakta oss med hj\u00e4lp av f\u00f6ljande kontaktuppgifter:<\/p><p><span class=\"cmplz-contact-organisation\">STYREG logo<\/span><br>\n                      <span class=\"cmplz-contact-address\">Marktoften 11A<br \/>\nSkogsstaden<br \/>\n8464 Galten<\/span><br>\n                      <span class=\"cmplz-contact-country\">Danmark<\/span><br>\n                      <span class=\"cmplz-contact-domain\">Hemsida: <a href=\"https:\/\/styreg.com\/sv\">https:\/\/styreg.com\/sv<\/a><\/span><br>\n                      <span class=\"cmplz-contact-email\">E-post: <span class=\"cmplz-obfuscate\">post@<span class=\"cmplz-fmail-domain\">ex&#046;&#099;o&#109;<\/span>&#115;&#116;y&#114;eg&#046;c&#111;&#109;<\/span><\/span><br>\n                    <span class=\"cmplz-contact-telephone\">Telefonnummer: +45 7025 7055<\/span><\/p><p>Denna cookiepolicy synkroniserades med <a href=\"https:\/\/cookiedatabase.org\/\" target=\"_blank\">cookiedatabase.org<\/a> den 21. mars 2026.<\/p><\/div>","protected":false},"excerpt":{"rendered":"","protected":false},"author":1,"featured_media":0,"parent":0,"menu_order":0,"comment_status":"closed","ping_status":"closed","template":"","meta":{"footnotes":""},"class_list":["post-3701","page","type-page","status-publish","hentry"],"yoast_head":"<!-- This site is optimized with the Yoast SEO plugin v27.3 - https:\/\/yoast.com\/product\/yoast-seo-wordpress\/ -->\n<title>Cookiepolitik (EU) - STYREG<\/title>\n<meta name=\"robots\" content=\"index, follow, max-snippet:-1, max-image-preview:large, max-video-preview:-1\" \/>\n<link rel=\"canonical\" href=\"https:\/\/styreg.com\/sv\/cookiepolitik-eu\/\" \/>\n<meta property=\"og:locale\" content=\"sv_SE\" \/>\n<meta property=\"og:type\" content=\"article\" \/>\n<meta property=\"og:title\" content=\"Cookiepolitik (EU) - STYREG\" \/>\n<meta property=\"og:url\" content=\"https:\/\/styreg.com\/sv\/cookiepolitik-eu\/\" \/>\n<meta property=\"og:site_name\" content=\"STYREG\" \/>\n<meta property=\"article:modified_time\" content=\"2025-09-05T11:22:11+00:00\" \/>\n<meta name=\"twitter:card\" content=\"summary_large_image\" \/>\n<script type=\"application\/ld+json\" class=\"yoast-schema-graph\">{\"@context\":\"https:\\\/\\\/schema.org\",\"@graph\":[{\"@type\":\"WebPage\",\"@id\":\"https:\\\/\\\/styreg.com\\\/sv\\\/cookiepolitik-eu\\\/\",\"url\":\"https:\\\/\\\/styreg.com\\\/sv\\\/cookiepolitik-eu\\\/\",\"name\":\"Cookiepolitik (EU) - STYREG\",\"isPartOf\":{\"@id\":\"https:\\\/\\\/styreg.com\\\/#website\"},\"datePublished\":\"2025-09-05T11:21:26+00:00\",\"dateModified\":\"2025-09-05T11:22:11+00:00\",\"breadcrumb\":{\"@id\":\"https:\\\/\\\/styreg.com\\\/sv\\\/cookiepolitik-eu\\\/#breadcrumb\"},\"inLanguage\":\"sv-SE\",\"potentialAction\":[{\"@type\":\"ReadAction\",\"target\":[\"https:\\\/\\\/styreg.com\\\/sv\\\/cookiepolitik-eu\\\/\"]}]},{\"@type\":\"BreadcrumbList\",\"@id\":\"https:\\\/\\\/styreg.com\\\/sv\\\/cookiepolitik-eu\\\/#breadcrumb\",\"itemListElement\":[{\"@type\":\"ListItem\",\"position\":1,\"name\":\"Hjem\",\"item\":\"https:\\\/\\\/styreg.com\\\/\"},{\"@type\":\"ListItem\",\"position\":2,\"name\":\"Cookiepolitik (EU)\"}]},{\"@type\":\"WebSite\",\"@id\":\"https:\\\/\\\/styreg.com\\\/#website\",\"url\":\"https:\\\/\\\/styreg.com\\\/\",\"name\":\"STYREG\",\"description\":\"Specialiseret teknisk service\",\"publisher\":{\"@id\":\"https:\\\/\\\/styreg.com\\\/#organization\"},\"potentialAction\":[{\"@type\":\"SearchAction\",\"target\":{\"@type\":\"EntryPoint\",\"urlTemplate\":\"https:\\\/\\\/styreg.com\\\/?s={search_term_string}\"},\"query-input\":{\"@type\":\"PropertyValueSpecification\",\"valueRequired\":true,\"valueName\":\"search_term_string\"}}],\"inLanguage\":\"sv-SE\"},{\"@type\":\"Organization\",\"@id\":\"https:\\\/\\\/styreg.com\\\/#organization\",\"name\":\"STYREG\",\"url\":\"https:\\\/\\\/styreg.com\\\/\",\"logo\":{\"@type\":\"ImageObject\",\"inLanguage\":\"sv-SE\",\"@id\":\"https:\\\/\\\/styreg.com\\\/#\\\/schema\\\/logo\\\/image\\\/\",\"url\":\"https:\\\/\\\/styreg.com\\\/wp-content\\\/uploads\\\/2025\\\/02\\\/styreg-logo.jpg\",\"contentUrl\":\"https:\\\/\\\/styreg.com\\\/wp-content\\\/uploads\\\/2025\\\/02\\\/styreg-logo.jpg\",\"width\":256,\"height\":55,\"caption\":\"STYREG\"},\"image\":{\"@id\":\"https:\\\/\\\/styreg.com\\\/#\\\/schema\\\/logo\\\/image\\\/\"},\"sameAs\":[\"https:\\\/\\\/www.linkedin.com\\\/company\\\/styreg\\\/posts\\\/?feedView=all\"]}]}<\/script>\n<!-- \/ Yoast SEO plugin. -->","yoast_head_json":{"title":"Cookiepolicy (EU) - STYREG","robots":{"index":"index","follow":"follow","max-snippet":"max-snippet:-1","max-image-preview":"max-image-preview:large","max-video-preview":"max-video-preview:-1"},"canonical":"https:\/\/styreg.com\/sv\/cookiepolitik-eu\/","og_locale":"sv_SE","og_type":"article","og_title":"Cookiepolitik (EU) - STYREG","og_url":"https:\/\/styreg.com\/sv\/cookiepolitik-eu\/","og_site_name":"STYREG","article_modified_time":"2025-09-05T11:22:11+00:00","twitter_card":"summary_large_image","schema":{"@context":"https:\/\/schema.org","@graph":[{"@type":"WebPage","@id":"https:\/\/styreg.com\/sv\/cookiepolitik-eu\/","url":"https:\/\/styreg.com\/sv\/cookiepolitik-eu\/","name":"Cookiepolicy (EU) - STYREG","isPartOf":{"@id":"https:\/\/styreg.com\/#website"},"datePublished":"2025-09-05T11:21:26+00:00","dateModified":"2025-09-05T11:22:11+00:00","breadcrumb":{"@id":"https:\/\/styreg.com\/sv\/cookiepolitik-eu\/#breadcrumb"},"inLanguage":"sv-SE","potentialAction":[{"@type":"ReadAction","target":["https:\/\/styreg.com\/sv\/cookiepolitik-eu\/"]}]},{"@type":"BreadcrumbList","@id":"https:\/\/styreg.com\/sv\/cookiepolitik-eu\/#breadcrumb","itemListElement":[{"@type":"ListItem","position":1,"name":"Hjem","item":"https:\/\/styreg.com\/"},{"@type":"ListItem","position":2,"name":"Cookiepolitik (EU)"}]},{"@type":"WebSite","@id":"https:\/\/styreg.com\/#website","url":"https:\/\/styreg.com\/","name":"STYREG logo","description":"Specialiserad teknisk service","publisher":{"@id":"https:\/\/styreg.com\/#organization"},"potentialAction":[{"@type":"SearchAction","target":{"@type":"EntryPoint","urlTemplate":"https:\/\/styreg.com\/?s={search_term_string}"},"query-input":{"@type":"PropertyValueSpecification","valueRequired":true,"valueName":"search_term_string"}}],"inLanguage":"sv-SE"},{"@type":"Organization","@id":"https:\/\/styreg.com\/#organization","name":"STYREG logo","url":"https:\/\/styreg.com\/","logo":{"@type":"ImageObject","inLanguage":"sv-SE","@id":"https:\/\/styreg.com\/#\/schema\/logo\/image\/","url":"https:\/\/styreg.com\/wp-content\/uploads\/2025\/02\/styreg-logo.jpg","contentUrl":"https:\/\/styreg.com\/wp-content\/uploads\/2025\/02\/styreg-logo.jpg","width":256,"height":55,"caption":"STYREG"},"image":{"@id":"https:\/\/styreg.com\/#\/schema\/logo\/image\/"},"sameAs":["https:\/\/www.linkedin.com\/company\/styreg\/posts\/?feedView=all"]}]}},"_links":{"self":[{"href":"https:\/\/styreg.com\/sv\/wp-json\/wp\/v2\/pages\/3701","targetHints":{"allow":["GET"]}}],"collection":[{"href":"https:\/\/styreg.com\/sv\/wp-json\/wp\/v2\/pages"}],"about":[{"href":"https:\/\/styreg.com\/sv\/wp-json\/wp\/v2\/types\/page"}],"author":[{"embeddable":true,"href":"https:\/\/styreg.com\/sv\/wp-json\/wp\/v2\/users\/1"}],"replies":[{"embeddable":true,"href":"https:\/\/styreg.com\/sv\/wp-json\/wp\/v2\/comments?post=3701"}],"version-history":[{"count":1,"href":"https:\/\/styreg.com\/sv\/wp-json\/wp\/v2\/pages\/3701\/revisions"}],"predecessor-version":[{"id":3702,"href":"https:\/\/styreg.com\/sv\/wp-json\/wp\/v2\/pages\/3701\/revisions\/3702"}],"wp:attachment":[{"href":"https:\/\/styreg.com\/sv\/wp-json\/wp\/v2\/media?parent=3701"}],"curies":[{"name":"wp","href":"https:\/\/api.w.org\/{rel}","templated":true}]}}